{"id":1906,"date":"2015-03-09T11:32:06","date_gmt":"2015-03-09T10:32:06","guid":{"rendered":"http:\/\/www.petithotel-biarritz.com\/?page_id=1906"},"modified":"2015-03-09T11:32:06","modified_gmt":"2015-03-09T10:32:06","slug":"condiciones-generales-de-venta","status":"publish","type":"page","link":"https:\/\/www.petithotel-biarritz.com\/es\/condiciones-generales-de-venta\/","title":{"rendered":"Condiciones generales de venta"},"content":{"rendered":"<ul>\n<li>Los precios de los habitaciones se entienden fuera de impuesto de estancia.<\/li>\n<li>La tarifa de un habitacion single es el de un habitacion ocupado por 1 persona.<\/li>\n<li>Le recordamos que seg\u00fan un uso constante en hosteler\u00eda, toda reserva se acompa\u00f1a de un pago constituyente de arras, para ambas partes(partidas) un medio de retractaci\u00f3n.<\/li>\n<li>Estas arras corresponden al 30 % del importe total de la estancia fuera de impuesto de estancia.<\/li>\n<li>Estas arras ser\u00e1n conservadas en el caso de una estancia acortada.<\/li>\n<li>Estas arras son reembolsables solamente en caso de anulaci\u00f3n expresa que sobreviene Las 48 horas anteriores la fecha del principio de la estancia y cualquiera que sea el motivo.<\/li>\n<\/ul>\n","protected":false},"excerpt":{"rendered":"<p>Los precios de los habitaciones se entienden fuera de impuesto de estancia. La tarifa de un habitacion single es el de un habitacion ocupado por 1 persona. Le recordamos que seg\u00fan un uso constante en hosteler\u00eda, toda reserva se acompa\u00f1a de un pago constituyente de arras, para ambas partes(partidas) un medio de retractaci\u00f3n. Estas arras [&hellip;]<\/p>\n","protected":false},"author":1,"featured_media":0,"parent":0,"menu_order":0,"comment_status":"closed","ping_status":"closed","template":"","meta":{"_exactmetrics_skip_tracking":false,"_exactmetrics_sitenote_active":false,"_exactmetrics_sitenote_note":"","_exactmetrics_sitenote_category":0,"footnotes":""},"class_list":["post-1906","page","type-page","status-publish","hentry"],"aioseo_notices":[],"_links":{"self":[{"href":"https:\/\/www.petithotel-biarritz.com\/es\/wp-json\/wp\/v2\/pages\/1906","targetHints":{"allow":["GET"]}}],"collection":[{"href":"https:\/\/www.petithotel-biarritz.com\/es\/wp-json\/wp\/v2\/pages"}],"about":[{"href":"https:\/\/www.petithotel-biarritz.com\/es\/wp-json\/wp\/v2\/types\/page"}],"author":[{"embeddable":true,"href":"https:\/\/www.petithotel-biarritz.com\/es\/wp-json\/wp\/v2\/users\/1"}],"replies":[{"embeddable":true,"href":"https:\/\/www.petithotel-biarritz.com\/es\/wp-json\/wp\/v2\/comments?post=1906"}],"version-history":[{"count":1,"href":"https:\/\/www.petithotel-biarritz.com\/es\/wp-json\/wp\/v2\/pages\/1906\/revisions"}],"predecessor-version":[{"id":1907,"href":"https:\/\/www.petithotel-biarritz.com\/es\/wp-json\/wp\/v2\/pages\/1906\/revisions\/1907"}],"wp:attachment":[{"href":"https:\/\/www.petithotel-biarritz.com\/es\/wp-json\/wp\/v2\/media?parent=1906"}],"curies":[{"name":"wp","href":"https:\/\/api.w.org\/{rel}","templated":true}]}}