{"id":1877,"date":"2015-03-09T11:06:17","date_gmt":"2015-03-09T10:06:17","guid":{"rendered":"http:\/\/www.petithotel-biarritz.com\/?page_id=1877"},"modified":"2015-03-11T09:08:52","modified_gmt":"2015-03-11T08:08:52","slug":"oferta-especial-business","status":"publish","type":"page","link":"https:\/\/www.petithotel-biarritz.com\/es\/oferta-especial-business\/","title":{"rendered":"Oferta especial Business"},"content":{"rendered":"<p>\u00a1 Usted est\u00e1 en desplazamiento profesional en la regi\u00f3n, aprovecha de all\u00ed para pasar la tarde en Biarritz!!<\/p>\n<p>Usted apreciar\u00e1 la situaci\u00f3n del hotel, en el centro de Biarritz, a 50m de la gran playa justa al lado del Casino.<\/p>\n<h2><strong>La oferta Negocios 85\u20ac<\/h2>\n<p>Habitaci\u00f3n doble, la gran cama<\/p>\n<p>Desayuno, horarios como usted desee<\/p>\n<p>Cenar (Men\u00fa: Entrada \/ plato \/ postre)<\/p>\n<p>Acc\u00e9s Internet Wifi<\/p>\n<p>La Tarde Etapa es propuesta <strong>del 1 de octubre al 31 de mayo, cada d\u00eda<\/strong>.<\/p>\n<h2><strong>Reserva<\/strong> :<\/h2>\n<ul>\n<li>Tel\u00e9fono : +33(0)559248700<\/li>\n<li><a href=\"mailto:contact@petithotel-biarritz.com\">contact@petithotel-biarritz.com<\/a><\/li>\n<\/ul>\n","protected":false},"excerpt":{"rendered":"<p>\u00a1 Usted est\u00e1 en desplazamiento profesional en la regi\u00f3n, aprovecha de all\u00ed para pasar la tarde en Biarritz!! Usted apreciar\u00e1 la situaci\u00f3n del hotel, en el centro de Biarritz, a 50m de la gran playa justa al lado del Casino. La oferta Negocios 85\u20ac Habitaci\u00f3n doble, la gran cama Desayuno, horarios como usted desee Cenar [&hellip;]<\/p>\n","protected":false},"author":1,"featured_media":0,"parent":0,"menu_order":0,"comment_status":"closed","ping_status":"closed","template":"","meta":{"_exactmetrics_skip_tracking":false,"_exactmetrics_sitenote_active":false,"_exactmetrics_sitenote_note":"","_exactmetrics_sitenote_category":0,"footnotes":""},"class_list":["post-1877","page","type-page","status-publish","hentry"],"aioseo_notices":[],"_links":{"self":[{"href":"https:\/\/www.petithotel-biarritz.com\/es\/wp-json\/wp\/v2\/pages\/1877","targetHints":{"allow":["GET"]}}],"collection":[{"href":"https:\/\/www.petithotel-biarritz.com\/es\/wp-json\/wp\/v2\/pages"}],"about":[{"href":"https:\/\/www.petithotel-biarritz.com\/es\/wp-json\/wp\/v2\/types\/page"}],"author":[{"embeddable":true,"href":"https:\/\/www.petithotel-biarritz.com\/es\/wp-json\/wp\/v2\/users\/1"}],"replies":[{"embeddable":true,"href":"https:\/\/www.petithotel-biarritz.com\/es\/wp-json\/wp\/v2\/comments?post=1877"}],"version-history":[{"count":3,"href":"https:\/\/www.petithotel-biarritz.com\/es\/wp-json\/wp\/v2\/pages\/1877\/revisions"}],"predecessor-version":[{"id":1932,"href":"https:\/\/www.petithotel-biarritz.com\/es\/wp-json\/wp\/v2\/pages\/1877\/revisions\/1932"}],"wp:attachment":[{"href":"https:\/\/www.petithotel-biarritz.com\/es\/wp-json\/wp\/v2\/media?parent=1877"}],"curies":[{"name":"wp","href":"https:\/\/api.w.org\/{rel}","templated":true}]}}