{"id":1867,"date":"2015-03-09T11:03:39","date_gmt":"2015-03-09T10:03:39","guid":{"rendered":"http:\/\/www.petithotel-biarritz.com\/?page_id=1867"},"modified":"2023-08-25T10:15:30","modified_gmt":"2023-08-25T09:15:30","slug":"tarifas","status":"publish","type":"page","link":"https:\/\/www.petithotel-biarritz.com\/es\/tarifas\/","title":{"rendered":"Tarifas"},"content":{"rendered":"<table border=\"0\" width=\"574\" cellspacing=\"1\" cellpadding=\"1\" align=\"center\">\n<tbody>\n<tr>\n<td width=\"115\"><b>Tarifas habitaciones<\/b><\/td>\n<td nowrap=\"nowrap\">\n<p align=\"center\"><b>N\u00famero<br \/>\nde Personas<\/b><\/p>\n<\/td>\n<td nowrap=\"nowrap\">\n<p align=\"center\"><b>Temporada Baja<\/b><\/p>\n<p>del 01\/01 al 31\/05<\/td>\n<td nowrap=\"nowrap\">\n<p align=\"center\"><b>Temporada Media<\/b><\/p>\n<p>del 01\/06 al 30\/06<br \/>\ndel 01\/09 al 30\/09<\/td>\n<td nowrap=\"nowrap\">\n<p align=\"center\"><b>Temporada Alta<\/b><\/p>\n<p>del 01\/07 al 31\/08<\/td>\n<td nowrap=\"nowrap\">\n<p align=\"center\"><b>Temporada Baja<\/b><\/p>\n<p>del 01\/10 al 31\/12<\/td>\n<\/tr>\n<tr>\n<td nowrap=\"nowrap\">Habitaci\u00f3n Doble<\/td>\n<td>\n<p align=\"center\">1 ou 2<\/p>\n<\/td>\n<td>\n<p align=\"center\">68,00 \u00e0 88,00<\/p>\n<\/td>\n<td>\n<p align=\"center\">88,00 \u00e0 98,00<\/p>\n<\/td>\n<td>\n<p align=\"center\">128,00 \u00e0 168,00<\/p>\n<\/td>\n<td>\n<p align=\"center\">68,00 \u00e0 88,00<\/p>\n<\/td>\n<\/tr>\n<tr>\n<td>Habitaci\u00f3n Doble (Dos Camas)<\/td>\n<td>\n<p align=\"center\">2<\/p>\n<\/td>\n<td>\n<p align=\"center\">68,00 \u00e0 88,00<\/p>\n<\/td>\n<td>\n<p align=\"center\">88,00 \u00e0 98,00<\/p>\n<\/td>\n<td>\n<p align=\"center\">128,00 \u00e0 168,00<\/p>\n<\/td>\n<td>\n<p align=\"center\">68,00 \u00e0 88,00<\/p>\n<\/td>\n<\/tr>\n<tr>\n<td>Habitaci\u00f3n Triple<\/td>\n<td>\n<p align=\"center\">3<\/p>\n<\/td>\n<td>\n<p align=\"center\">78,00 \u00e0 98,00<\/p>\n<\/td>\n<td>\n<p align=\"center\">118,00 \u00e0 138,00<\/p>\n<\/td>\n<td>\n<p align=\"center\">158,00 \u00e0 208,00<\/p>\n<\/td>\n<td>\n<p align=\"center\">78,00 \u00e0 98,00<\/p>\n<\/td>\n<\/tr>\n<\/tbody>\n<\/table>\n<p>Tarifa Desayuno: 9\u20ac<br \/>\nCama adicional: 15\u20ac<br \/>\nLee a beb\u00e9: 5\u20ac<br \/>\nImpuesto de estancia encima 0.80\u20ac \/ d\u00eda \/ persona (a partir de 12 a\u00f1os) pero IVA el 10 % incluya<br \/>\nLos animales dom\u00e9sticos no son aceptados en el seno del establecimiento<\/p>\n<script src=\"https:\/\/www.novaresa.net\/js\/widget\/widget.js\" type=\"text\/javascript\" defer=\"defer\" ><\/script><div  id=\"widget-novaresa\" data-id=\"96\" data-lang=\"es\" data-color=\"grey\"><\/div>\n","protected":false},"excerpt":{"rendered":"<p>Tarifas habitaciones N\u00famero de Personas Temporada Baja del 01\/01 al 31\/05 Temporada Media del 01\/06 al 30\/06 del 01\/09 al 30\/09 Temporada Alta del 01\/07 al 31\/08 Temporada Baja del 01\/10 al 31\/12 Habitaci\u00f3n Doble 1 ou 2 68,00 \u00e0 88,00 88,00 \u00e0 98,00 128,00 \u00e0 168,00 68,00 \u00e0 88,00 Habitaci\u00f3n Doble (Dos Camas) 2 [&hellip;]<\/p>\n","protected":false},"author":1,"featured_media":0,"parent":0,"menu_order":0,"comment_status":"closed","ping_status":"open","template":"page-nosidebar.php","meta":{"_exactmetrics_skip_tracking":false,"_exactmetrics_sitenote_active":false,"_exactmetrics_sitenote_note":"","_exactmetrics_sitenote_category":0,"footnotes":""},"class_list":["post-1867","page","type-page","status-publish","hentry"],"aioseo_notices":[],"_links":{"self":[{"href":"https:\/\/www.petithotel-biarritz.com\/es\/wp-json\/wp\/v2\/pages\/1867","targetHints":{"allow":["GET"]}}],"collection":[{"href":"https:\/\/www.petithotel-biarritz.com\/es\/wp-json\/wp\/v2\/pages"}],"about":[{"href":"https:\/\/www.petithotel-biarritz.com\/es\/wp-json\/wp\/v2\/types\/page"}],"author":[{"embeddable":true,"href":"https:\/\/www.petithotel-biarritz.com\/es\/wp-json\/wp\/v2\/users\/1"}],"replies":[{"embeddable":true,"href":"https:\/\/www.petithotel-biarritz.com\/es\/wp-json\/wp\/v2\/comments?post=1867"}],"version-history":[{"count":9,"href":"https:\/\/www.petithotel-biarritz.com\/es\/wp-json\/wp\/v2\/pages\/1867\/revisions"}],"predecessor-version":[{"id":2296,"href":"https:\/\/www.petithotel-biarritz.com\/es\/wp-json\/wp\/v2\/pages\/1867\/revisions\/2296"}],"wp:attachment":[{"href":"https:\/\/www.petithotel-biarritz.com\/es\/wp-json\/wp\/v2\/media?parent=1867"}],"curies":[{"name":"wp","href":"https:\/\/api.w.org\/{rel}","templated":true}]}}