{"id":1854,"date":"2015-03-09T11:00:14","date_gmt":"2015-03-09T10:00:14","guid":{"rendered":"http:\/\/www.petithotel-biarritz.com\/?page_id=1854"},"modified":"2017-10-14T14:10:19","modified_gmt":"2017-10-14T13:10:19","slug":"acogida","status":"publish","type":"page","link":"https:\/\/www.petithotel-biarritz.com\/es\/","title":{"rendered":"Bienvenidos"},"content":{"rendered":"<p style=\"text-align: justify;\"><img loading=\"lazy\" decoding=\"async\" class=\"alignleft size-full\" alt=\"Le Petit H\u00f4tel \u00e0 Biarritz\" src=\"\/wp-content\/uploads\/2014\/04\/bienvenue-petit-hotel-biarritz.jpg\" width=\"275\" height=\"183\" \/>Gozando de una posici\u00f3n excepcional, El Peque\u00f1o Hotel es en el coraz\u00f3n de Biarritz, en un cuarto peatones , por menos de 1 minuto de la Gran Playa y del centro ciudad, a algunos metros del sitio del Casino de Biarritz.<\/p>\n<p style=\"text-align: justify;\">Le Petit  Hotel le propone 12 habitaciones sobre 2 pisos en un ambiente amistoso y familiar: habitaciones dobles y grandes habitaciones familiares con cuartos de ba\u00f1o y aseos privativos (ba\u00f1eras o duchas).<\/p>\n<p style=\"text-align: justify;\">El desayuno es propuesto en un espacio amistoso.<br \/>\nEl acceso wifi est\u00e1 disponible en el hotel gratuitamente.<\/p>\n<p style=\"text-align: justify;\">2 aparcamientos p\u00fablicos (gran playa y Casino) a algunos metros y sitios disponibles cerca del hotel.<\/p>\n<p><em id=\"__mceDel\">El Hotel es no fumador.<\/em><\/p>\n<p><a href=\"\/wp-content\/uploads\/2013\/03\/Nespresso.jpeg\"><img loading=\"lazy\" decoding=\"async\" class=\"size-thumbnail wp-image-1720 alignleft\" alt=\"Nespresso\" src=\"\/wp-content\/uploads\/2013\/03\/Nespresso-150x150.jpeg\" width=\"150\" height=\"150\" \/><\/a>\u00a0<a href=\"\/wp-content\/uploads\/2013\/03\/PetitDejeuner.jpeg\"><img loading=\"lazy\" decoding=\"async\" class=\"size-thumbnail wp-image-1721 alignright\" alt=\"PetitDejeuner\" src=\"\/wp-content\/uploads\/2013\/03\/PetitDejeuner-150x150.jpeg\" width=\"150\" height=\"150\" \/><\/a><\/p>\n<p>&nbsp;<\/p>\n","protected":false},"excerpt":{"rendered":"<p>Gozando de una posici\u00f3n excepcional, El Peque\u00f1o Hotel es en el coraz\u00f3n de Biarritz, en un cuarto peatones , por menos de 1 minuto de la Gran Playa y del centro ciudad, a algunos metros del sitio del Casino de Biarritz. Le Petit Hotel le propone 12 habitaciones sobre 2 pisos en un ambiente amistoso [&hellip;]<\/p>\n","protected":false},"author":1,"featured_media":0,"parent":0,"menu_order":0,"comment_status":"closed","ping_status":"open","template":"page-three-column.php","meta":{"_exactmetrics_skip_tracking":false,"_exactmetrics_sitenote_active":false,"_exactmetrics_sitenote_note":"","_exactmetrics_sitenote_category":0,"footnotes":""},"class_list":["post-1854","page","type-page","status-publish","hentry"],"aioseo_notices":[],"_links":{"self":[{"href":"https:\/\/www.petithotel-biarritz.com\/es\/wp-json\/wp\/v2\/pages\/1854","targetHints":{"allow":["GET"]}}],"collection":[{"href":"https:\/\/www.petithotel-biarritz.com\/es\/wp-json\/wp\/v2\/pages"}],"about":[{"href":"https:\/\/www.petithotel-biarritz.com\/es\/wp-json\/wp\/v2\/types\/page"}],"author":[{"embeddable":true,"href":"https:\/\/www.petithotel-biarritz.com\/es\/wp-json\/wp\/v2\/users\/1"}],"replies":[{"embeddable":true,"href":"https:\/\/www.petithotel-biarritz.com\/es\/wp-json\/wp\/v2\/comments?post=1854"}],"version-history":[{"count":5,"href":"https:\/\/www.petithotel-biarritz.com\/es\/wp-json\/wp\/v2\/pages\/1854\/revisions"}],"predecessor-version":[{"id":1948,"href":"https:\/\/www.petithotel-biarritz.com\/es\/wp-json\/wp\/v2\/pages\/1854\/revisions\/1948"}],"wp:attachment":[{"href":"https:\/\/www.petithotel-biarritz.com\/es\/wp-json\/wp\/v2\/media?parent=1854"}],"curies":[{"name":"wp","href":"https:\/\/api.w.org\/{rel}","templated":true}]}}