{"id":1852,"date":"2015-03-09T10:59:20","date_gmt":"2015-03-09T09:59:20","guid":{"rendered":"http:\/\/www.petithotel-biarritz.com\/?page_id=1852"},"modified":"2015-03-09T11:52:54","modified_gmt":"2015-03-09T10:52:54","slug":"habitaciones","status":"publish","type":"page","link":"https:\/\/www.petithotel-biarritz.com\/es\/habitaciones\/","title":{"rendered":"Habitaciones"},"content":{"rendered":"<p style=\"text-align: justify;\">Le Petit H\u00f4tel le propone 12 habitaciones sobre 2 pisos con cuartos de ba\u00f1o (ba\u00f1era o duchas) y aseos: habitaciones dobles y grandes encierras en un cuarto para 3 o 4 camas y las camas suplementarias para sacar provecho de una estancia en familia con los ni\u00f1os.<\/p>\n<p style=\"text-align: justify;\">Lee a beb\u00e9 disponible gratuitamente a petici\u00f3n.<\/p>\n<p style=\"text-align: justify;\">El acceso Wifi es propuesto graciosamente.<\/p>\n<p style=\"text-align: justify;\">TV elecci\u00f3n de chaines cabl\u00e9es.<\/p>\n<p style=\"text-align: justify;\">El desayuno es propuesto en un espacio amistoso.<\/p>\n<p style=\"text-align: center;\"><a title=\"Tarifs et R\u00e9servations\" href=\"http:\/\/www.petithotel-biarritz.com\/tarifas\/?lang=es\"><strong>HACER UNA RESERVA<\/strong><\/a><\/p>\n<h2 style=\"text-align: justify;\">Habitaciones Dobles<\/h2>\n<p style=\"text-align: justify;\">\n\t\t<div id=\"ts-portfolio\" class=\"\">\n\t\t\t<ul class=\"ts-portfolio-list ts-portfolio-col-4\">\n\t\t\t<li class=\"\" style=\"width:204px;margin:0px 28px 28px 0px;\"><div class=\"ts-portfolio-img-plain ts-portfolio-img-container\"><a class=\"image\" href=\"https:\/\/www.petithotel-biarritz.com\/wp-content\/uploads\/2015\/03\/1942-90417.jpg\" style=\"height:144px; width:204px;\" rel=\"prettyPhoto[mixed]\" title=\"Chambdre Double 6\"><span class='rollover imagesmall'><\/span><span class='rounded-frame'><\/span><img loading=\"lazy\" decoding=\"async\" src=\"https:\/\/www.petithotel-biarritz.com\/wp-content\/uploads\/2015\/03\/1942-90417-204x144.jpg\" alt=\"\"  width=\"204\" height=\"144\" class=\"fade\"\/><span class='afterthumb'><\/span><\/a><\/div><\/li><li class=\"\" style=\"width:204px;margin:0px 28px 28px 0px;\"><div class=\"ts-portfolio-img-plain ts-portfolio-img-container\"><a class=\"image\" href=\"https:\/\/www.petithotel-biarritz.com\/wp-content\/uploads\/2015\/03\/1942-90370.jpg\" style=\"height:144px; width:204px;\" rel=\"prettyPhoto[mixed]\" title=\"Chambre double 5\"><span class='rollover imagesmall'><\/span><span class='rounded-frame'><\/span><img loading=\"lazy\" decoding=\"async\" src=\"https:\/\/www.petithotel-biarritz.com\/wp-content\/uploads\/2015\/03\/1942-90370-204x144.jpg\" alt=\"\"  width=\"204\" height=\"144\" class=\"fade\"\/><span class='afterthumb'><\/span><\/a><\/div><\/li><li class=\"\" style=\"width:204px;margin:0px 28px 28px 0px;\"><div class=\"ts-portfolio-img-plain ts-portfolio-img-container\"><a class=\"image\" href=\"https:\/\/www.petithotel-biarritz.com\/wp-content\/uploads\/2015\/03\/1942-90366.jpg\" style=\"height:144px; width:204px;\" rel=\"prettyPhoto[mixed]\" title=\"Chambre double 4\"><span class='rollover imagesmall'><\/span><span class='rounded-frame'><\/span><img loading=\"lazy\" decoding=\"async\" src=\"https:\/\/www.petithotel-biarritz.com\/wp-content\/uploads\/2015\/03\/1942-90366-204x144.jpg\" alt=\"\"  width=\"204\" height=\"144\" class=\"fade\"\/><span class='afterthumb'><\/span><\/a><\/div><\/li><li class=\"\" style=\"width:204px;margin:0px 0px 28px 0px;\"><div class=\"ts-portfolio-img-plain ts-portfolio-img-container\"><a class=\"image\" href=\"https:\/\/www.petithotel-biarritz.com\/wp-content\/uploads\/2015\/03\/1942-90362.jpg\" style=\"height:144px; width:204px;\" rel=\"prettyPhoto[mixed]\" title=\"Chambre double 3\"><span class='rollover imagesmall'><\/span><span class='rounded-frame'><\/span><img loading=\"lazy\" decoding=\"async\" src=\"https:\/\/www.petithotel-biarritz.com\/wp-content\/uploads\/2015\/03\/1942-90362-204x144.jpg\" alt=\"\"  width=\"204\" height=\"144\" class=\"fade\"\/><span class='afterthumb'><\/span><\/a><\/div><\/li><\/ul>\n<ul class=\"ts-portfolio-list ts-portfolio-plain ts-portfolio-col-4\"><li class=\"\" style=\"width:204px;margin:0px 28px 28px 0px;\"><div class=\"ts-portfolio-img-plain ts-portfolio-img-container\"><a class=\"image\" href=\"\/wp-content\/uploads\/2015\/03\/1942-90356.jpg\" style=\"height:144px; width:204px;\" rel=\"prettyPhoto[mixed]\" title=\"Chambre double 2\"><span class='rollover imagesmall'><\/span><span class='rounded-frame'><\/span><img loading=\"lazy\" decoding=\"async\" src=\"https:\/\/www.petithotel-biarritz.com\/wp-content\/uploads\/2015\/03\/1942-90356-204x144.jpg\" alt=\"\"  width=\"204\" height=\"144\" class=\"fade\"\/><span class='afterthumb'><\/span><\/a><\/div><\/li><li class=\"\" style=\"width:204px;margin:0px 28px 28px 0px;\"><div class=\"ts-portfolio-img-plain ts-portfolio-img-container\"><a class=\"image\" href=\"\/wp-content\/uploads\/2015\/03\/1942-90355.jpg\" style=\"height:144px; width:204px;\" rel=\"prettyPhoto[mixed]\" title=\"Chambre Double 1\"><span class='rollover imagesmall'><\/span><span class='rounded-frame'><\/span><img loading=\"lazy\" decoding=\"async\" src=\"https:\/\/www.petithotel-biarritz.com\/wp-content\/uploads\/2015\/03\/1942-90355-204x144.jpg\" alt=\"\"  width=\"204\" height=\"144\" class=\"fade\"\/><span class='afterthumb'><\/span><\/a><\/div><\/li>\n\t\t\t\t<\/ul>\n\t\t\t\t<div class=\"clr\"><\/div>\n\t\t\t<\/div><\/p>\n<h2 style=\"text-align: justify;\">Habitaciones Doble ( Dos Camas)<\/h2>\n<p style=\"text-align: justify;\">\n\t\t<div id=\"ts-portfolio\" class=\"\">\n\t\t\t<ul class=\"ts-portfolio-list ts-portfolio-col-4\">\n\t\t\t<li class=\"\" style=\"width:204px;margin:0px 28px 28px 0px;\"><div class=\"ts-portfolio-img-plain ts-portfolio-img-container\"><a class=\"image\" href=\"https:\/\/www.petithotel-biarritz.com\/wp-content\/uploads\/2015\/03\/1960-90357.jpg\" style=\"height:144px; width:204px;\" rel=\"prettyPhoto[mixed]\" title=\"Chambres twin lit jumeaux 2\"><span class='rollover imagesmall'><\/span><span class='rounded-frame'><\/span><img loading=\"lazy\" decoding=\"async\" src=\"https:\/\/www.petithotel-biarritz.com\/wp-content\/uploads\/2015\/03\/1960-90357-204x144.jpg\" alt=\"\"  width=\"204\" height=\"144\" class=\"fade\"\/><span class='afterthumb'><\/span><\/a><\/div><\/li><li class=\"\" style=\"width:204px;margin:0px 28px 28px 0px;\"><div class=\"ts-portfolio-img-plain ts-portfolio-img-container\"><a class=\"image\" href=\"https:\/\/www.petithotel-biarritz.com\/wp-content\/uploads\/2015\/03\/1960-90358.jpg\" style=\"height:144px; width:204px;\" rel=\"prettyPhoto[mixed]\" title=\"Chambre twin lits jumeaux\"><span class='rollover imagesmall'><\/span><span class='rounded-frame'><\/span><img loading=\"lazy\" decoding=\"async\" src=\"https:\/\/www.petithotel-biarritz.com\/wp-content\/uploads\/2015\/03\/1960-90358-204x144.jpg\" alt=\"\"  width=\"204\" height=\"144\" class=\"fade\"\/><span class='afterthumb'><\/span><\/a><\/div><\/li>\n\t\t\t\t<\/ul>\n\t\t\t\t<div class=\"clr\"><\/div>\n\t\t\t<\/div><\/p>\n<h2 style=\"text-align: justify;\">Habitaciones Triple<\/h2>\n<p style=\"text-align: justify;\">\n\t\t<div id=\"ts-portfolio\" class=\"\">\n\t\t\t<ul class=\"ts-portfolio-list ts-portfolio-col-4\">\n\t\t\t<li class=\"\" style=\"width:204px;margin:0px 28px 28px 0px;\"><div class=\"ts-portfolio-img-plain ts-portfolio-img-container\"><a class=\"image\" href=\"https:\/\/www.petithotel-biarritz.com\/wp-content\/uploads\/2015\/03\/1959-90359.jpg\" style=\"height:144px; width:204px;\" rel=\"prettyPhoto[mixed]\" title=\"Chambre triple famille 2\"><span class='rollover imagesmall'><\/span><span class='rounded-frame'><\/span><img loading=\"lazy\" decoding=\"async\" src=\"https:\/\/www.petithotel-biarritz.com\/wp-content\/uploads\/2015\/03\/1959-90359-204x144.jpg\" alt=\"\"  width=\"204\" height=\"144\" class=\"fade\"\/><span class='afterthumb'><\/span><\/a><\/div><\/li><li class=\"\" style=\"width:204px;margin:0px 28px 28px 0px;\"><div class=\"ts-portfolio-img-plain ts-portfolio-img-container\"><a class=\"image\" href=\"https:\/\/www.petithotel-biarritz.com\/wp-content\/uploads\/2015\/03\/1959-90418.jpg\" style=\"height:144px; width:204px;\" rel=\"prettyPhoto[mixed]\" title=\"Chambre triple famille\"><span class='rollover imagesmall'><\/span><span class='rounded-frame'><\/span><img loading=\"lazy\" decoding=\"async\" src=\"https:\/\/www.petithotel-biarritz.com\/wp-content\/uploads\/2015\/03\/1959-90418-204x144.jpg\" alt=\"\"  width=\"204\" height=\"144\" class=\"fade\"\/><span class='afterthumb'><\/span><\/a><\/div><\/li><li class=\"\" style=\"width:204px;margin:0px 28px 28px 0px;\"><div class=\"ts-portfolio-img-plain ts-portfolio-img-container\"><a class=\"image\" href=\"https:\/\/www.petithotel-biarritz.com\/wp-content\/uploads\/2015\/03\/1959-90361.jpg\" style=\"height:144px; width:204px;\" rel=\"prettyPhoto[mixed]\" title=\"Chambre triple 2\"><span class='rollover imagesmall'><\/span><span class='rounded-frame'><\/span><img loading=\"lazy\" decoding=\"async\" src=\"https:\/\/www.petithotel-biarritz.com\/wp-content\/uploads\/2015\/03\/1959-90361-204x144.jpg\" alt=\"\"  width=\"204\" height=\"144\" class=\"fade\"\/><span class='afterthumb'><\/span><\/a><\/div><\/li><li class=\"\" style=\"width:204px;margin:0px 0px 28px 0px;\"><div class=\"ts-portfolio-img-plain ts-portfolio-img-container\"><a class=\"image\" href=\"https:\/\/www.petithotel-biarritz.com\/wp-content\/uploads\/2015\/03\/1959-90360.jpg\" style=\"height:144px; width:204px;\" rel=\"prettyPhoto[mixed]\" title=\"Chambre triple 1\"><span class='rollover imagesmall'><\/span><span class='rounded-frame'><\/span><img loading=\"lazy\" decoding=\"async\" src=\"https:\/\/www.petithotel-biarritz.com\/wp-content\/uploads\/2015\/03\/1959-90360-204x144.jpg\" alt=\"\"  width=\"204\" height=\"144\" class=\"fade\"\/><span class='afterthumb'><\/span><\/a><\/div><\/li><\/ul>\n<ul class=\"ts-portfolio-list ts-portfolio-plain ts-portfolio-col-4\">\n\t\t\t\t<\/ul>\n\t\t\t\t<div class=\"clr\"><\/div>\n\t\t\t<\/div><\/p>\n<p style=\"text-align: center;\"><a title=\"Tarifs et R\u00e9servations\" href=\"http:\/\/www.petithotel-biarritz.com\/tarifas\/?lang=es\"><strong>HACER UNA RESERVA<\/strong><\/a><\/p>\n<p style=\"text-align: left;\">\n","protected":false},"excerpt":{"rendered":"<p>Le Petit H\u00f4tel le propone 12 habitaciones sobre 2 pisos con cuartos de ba\u00f1o (ba\u00f1era o duchas) y aseos: habitaciones dobles y grandes encierras en un cuarto para 3 o 4 camas y las camas suplementarias para sacar provecho de una estancia en familia con los ni\u00f1os. Lee a beb\u00e9 disponible gratuitamente a petici\u00f3n. El [&hellip;]<\/p>\n","protected":false},"author":1,"featured_media":0,"parent":0,"menu_order":0,"comment_status":"closed","ping_status":"open","template":"","meta":{"_exactmetrics_skip_tracking":false,"_exactmetrics_sitenote_active":false,"_exactmetrics_sitenote_note":"","_exactmetrics_sitenote_category":0,"footnotes":""},"class_list":["post-1852","page","type-page","status-publish","hentry"],"aioseo_notices":[],"_links":{"self":[{"href":"https:\/\/www.petithotel-biarritz.com\/es\/wp-json\/wp\/v2\/pages\/1852","targetHints":{"allow":["GET"]}}],"collection":[{"href":"https:\/\/www.petithotel-biarritz.com\/es\/wp-json\/wp\/v2\/pages"}],"about":[{"href":"https:\/\/www.petithotel-biarritz.com\/es\/wp-json\/wp\/v2\/types\/page"}],"author":[{"embeddable":true,"href":"https:\/\/www.petithotel-biarritz.com\/es\/wp-json\/wp\/v2\/users\/1"}],"replies":[{"embeddable":true,"href":"https:\/\/www.petithotel-biarritz.com\/es\/wp-json\/wp\/v2\/comments?post=1852"}],"version-history":[{"count":3,"href":"https:\/\/www.petithotel-biarritz.com\/es\/wp-json\/wp\/v2\/pages\/1852\/revisions"}],"predecessor-version":[{"id":1911,"href":"https:\/\/www.petithotel-biarritz.com\/es\/wp-json\/wp\/v2\/pages\/1852\/revisions\/1911"}],"wp:attachment":[{"href":"https:\/\/www.petithotel-biarritz.com\/es\/wp-json\/wp\/v2\/media?parent=1852"}],"curies":[{"name":"wp","href":"https:\/\/api.w.org\/{rel}","templated":true}]}}